{"id":1185,"date":"2016-11-18T14:40:05","date_gmt":"2016-11-18T13:40:05","guid":{"rendered":"https:\/\/eurossig.eu\/eurossig\/?page_id=1185"},"modified":"2025-09-10T01:44:13","modified_gmt":"2025-09-09T23:44:13","slug":"fellows-reports","status":"publish","type":"page","link":"https:\/\/eurossig.eu\/eurossig\/summer-school-impressions\/fellows-reports\/","title":{"rendered":"Fellows Reports"},"content":{"rendered":"<h5>2025 Fellows reports<\/h5>\n<ul>\n<li><a href=\"https:\/\/eurossig.eu\/eurossig\/summer-school-impressions\/pictures-and-archives\/2025-edition\/fellows-2025\/abdias-zambrano\/\">Abd\u00edas A. Zambrano A. (Panama)<\/a> <em>&#8211; Encargado de iniciativas IGF Cap\u00edtulo de Panam\u00e1 de la Sociedad Internet (ISOC Panam\u00e1)<\/em><\/li>\n<li><a href=\"https:\/\/eurossig.eu\/eurossig\/summer-school-impressions\/pictures-and-archives\/2025-edition\/fellows-2025\/afrasiyab-khan\/\">Afrasiyab Khan (Pakistan)<\/a><em> &#8211; Judicial Law Clerk at the Islamabad High Court<\/em><\/li>\n<li><a href=\"https:\/\/eurossig.eu\/eurossig\/summer-school-impressions\/pictures-and-archives\/2025-edition\/fellows-2025\/ana-li\/\">Ana Li (China)<\/a> <em>&#8211; King\u2019s College London<\/em><\/li>\n<li><a href=\"https:\/\/eurossig.eu\/eurossig\/summer-school-impressions\/pictures-and-archives\/2025-edition\/fellows-2025\/anahit-hakobyan\/\">Anahit Hakobyan (Armenia)<\/a> <em>&#8211; University of Bremen<\/em><\/li>\n<li><a href=\"https:\/\/eurossig.eu\/eurossig\/summer-school-impressions\/pictures-and-archives\/2025-edition\/fellows-2025\/baratang-miya\/\">Baratang Miya (South Africa)<\/a><em> &#8211; Girlhype Women Who Code<\/em><\/li>\n<li><a href=\"https:\/\/eurossig.eu\/eurossig\/summer-school-impressions\/pictures-and-archives\/2025-edition\/fellows-2025\/cameron-mcternan\/\">Cameron McTernan (Australia)<\/a> <em>&#8211; The University of Sydney<\/em><\/li>\n<li><a href=\"https:\/\/eurossig.eu\/eurossig\/summer-school-impressions\/pictures-and-archives\/2025-edition\/fellows-2025\/flora-santana\/\">Flora Satana (Brazil)<\/a><em> &#8211; Consultant and Advocacy in Tech, Law and Communication<\/em><\/li>\n<li><a href=\"https:\/\/eurossig.eu\/eurossig\/summer-school-impressions\/pictures-and-archives\/2025-edition\/fellows-2025\/georgette-mirekua-kissi\/\">Georgette Mirekua Kissi (Ghana)<\/a><em> &#8211; University of Ghana<\/em><\/li>\n<li><a href=\"https:\/\/eurossig.eu\/eurossig\/summer-school-impressions\/pictures-and-archives\/2025-edition\/fellows-2025\/lara-oliveira\/\">Lara Oliveira (Brazil)<\/a><em> &#8211; Koury Lopes Advogados<\/em><\/li>\n<li><a href=\"https:\/\/eurossig.eu\/eurossig\/summer-school-impressions\/pictures-and-archives\/2025-edition\/fellows-2025\/mariam-gongladze\/\">Mariam Gongladze (Georgia)<\/a> <em>&#8211; KPM LLC<br \/>\n<\/em><\/li>\n<li><a href=\"https:\/\/eurossig.eu\/eurossig\/summer-school-impressions\/pictures-and-archives\/2025-edition\/fellows-2025\/natalie-tercova\/\">Natalie Ter\u010dov\u00e1 (Czech Republic)<\/a> <em>&#8211; IGF Czechia<br \/>\n<\/em><\/li>\n<li><a href=\"https:\/\/eurossig.eu\/eurossig\/summer-school-impressions\/pictures-and-archives\/2025-edition\/fellows-2025\/poshta-bahadur-kc\/\">Mr. Poshta KC (Nepal)<\/a> <em>&#8211; Pro-Public<\/em><\/li>\n<li><a href=\"https:\/\/eurossig.eu\/eurossig\/summer-school-impressions\/pictures-and-archives\/2025-edition\/fellows-2025\/roshatey-jannat\/\">Roshatey Jannat (Pakistan)<\/a><em> &#8211; Punjab IT Board<br \/>\n<\/em><\/li>\n<li><a href=\"https:\/\/eurossig.eu\/eurossig\/summer-school-impressions\/pictures-and-archives\/2025-edition\/fellows-2025\/salma-abbass\/\">Salma Abbass (Egypt)<\/a> <em>&#8211; RSA Security<\/em><\/li>\n<li><a href=\"https:\/\/eurossig.eu\/eurossig\/summer-school-impressions\/pictures-and-archives\/2025-edition\/fellows-2025\/tania-voinea\/\">Tania Voinea (Romania)<\/a><em> &#8211; University of Groningen<\/em><\/li>\n<li><a href=\"https:\/\/eurossig.eu\/eurossig\/summer-school-impressions\/pictures-and-archives\/2025-edition\/fellows-2025\/vedant-mehra\/\">Vedant Mehra (India)<\/a> <em>&#8211; Leiden University<\/em><\/li>\n<\/ul>\n<h5>2024 Fellows reports<\/h5>\n<ul>\n<li><a href=\"https:\/\/eurossig.eu\/eurossig\/summer-school-impressions\/pictures-and-archives\/2024-edition\/fellows-2024\/alexey-trepykhalin\/\">Alexey Trepykhalin (United States of America)<\/a><em> &#8211; ICANN org<\/em><\/li>\n<li><a href=\"https:\/\/eurossig.eu\/eurossig\/summer-school-impressions\/pictures-and-archives\/2024-edition\/fellows-2024\/dewa-ayu-diah-angendari\/\">Dewa Ayu Diah Angendari (Indonesia)<\/a><em> &#8211; Leiden University<\/em><\/li>\n<li><a href=\"https:\/\/eurossig.eu\/eurossig\/summer-school-impressions\/pictures-and-archives\/2024-edition\/fellows-2024\/dominic-sepenu\/\">Dominic Sepenu (Ghana)<\/a><em> &#8211; Global Forum on Cyber Expertise<\/em><\/li>\n<li><a href=\"https:\/\/eurossig.eu\/eurossig\/summer-school-impressions\/pictures-and-archives\/2024-edition\/fellows-2024\/jose-carmelo-cueto\/\">Jose Carmelo Cueto (Philippines)<\/a><em> &#8211; Department of Information and Communications Technology<\/em><\/li>\n<li><a href=\"https:\/\/eurossig.eu\/eurossig\/summer-school-impressions\/pictures-and-archives\/2024-edition\/fellows-2024\/jose-renato-laranjeira\/\">Jos\u00e9 Renato Laranjeira (Brazil)<\/a> &#8211; Universit\u00e4t Bonn \/ <em>Laborat\u00f3rio de Pol\u00edticas P\u00fablicas e Internet &#8211; LAPIN<\/em><\/li>\n<li><a href=\"https:\/\/eurossig.eu\/eurossig\/summer-school-impressions\/pictures-and-archives\/2024-edition\/fellows-2024\/julie-michel\/\">Julie Michel (Belgium)<\/a><em> &#8211; European Registry for Internet Domains, EURid<\/em><\/li>\n<li><a href=\"https:\/\/eurossig.eu\/eurossig\/summer-school-impressions\/pictures-and-archives\/2024-edition\/fellows-2024\/seth-adjei-gyimah\/\">Seth Adjei Gyimah (Ghana)<\/a><em> &#8211; University of Ghana<\/em><\/li>\n<li><a href=\"https:\/\/eurossig.eu\/eurossig\/summer-school-impressions\/pictures-and-archives\/2024-edition\/fellows-2024\/svaradiva-anurdea-devi\/\">Svaradiva Anurdea Devi (Indonesia)<\/a> <em>&#8211; University of Malta<\/em><\/li>\n<\/ul>\n<h5>2022 Fellows reports<\/h5>\n<ul>\n<li><a href=\"https:\/\/eurossig.eu\/eurossig\/summer-school-impressions\/pictures-and-archives\/2022-edition\/fellows-2022\/bernardo-barbosa\/\">Bernardo Barbosa<\/a> \u2013 <em>Pontifical Catholic University of Rio de Janeiro, Brazil<\/em><\/li>\n<li><a href=\"https:\/\/eurossig.eu\/eurossig\/summer-school-impressions\/pictures-and-archives\/2022-edition\/fellows-2022\/mira-fajri\/\">Mira Fajri<\/a> \u2013 <em>PANDI (Indonesian Internet Domain Name Registry), Indonesia<\/em><\/li>\n<li><a href=\"https:\/\/eurossig.eu\/eurossig\/summer-school-impressions\/pictures-and-archives\/2022-edition\/fellows-2022\/paloma-rocillo\/\">Paloma Rocillo Rolim do Carmo<\/a> \u2013 <em>Institute for Research on Internet and Society (IRIS), Brazil<\/em><\/li>\n<li><a href=\"https:\/\/eurossig.eu\/eurossig\/summer-school-impressions\/pictures-and-archives\/2022-edition\/fellows-2022\/rocio-de-la-fuente\/\">Roc\u00edo de la Fuente<\/a> \u2013 <em>Latin American and Caribbean Top Level Domains (LACTLD), Argentina<\/em><\/li>\n<li><a href=\"https:\/\/eurossig.eu\/eurossig\/summer-school-impressions\/pictures-and-archives\/2022-edition\/fellows-2022\/ruchika-hirna\/\">Ruchika Hirna<\/a> \u2013 <em>Aalborg University, Denmark<\/em><\/li>\n<li><a href=\"https:\/\/eurossig.eu\/eurossig\/summer-school-impressions\/pictures-and-archives\/2022-edition\/fellows-2022\/shadi-alhakimi\/\">Shadi Alhakimi<\/a> \u2013 <em>Master\u2019s of science Security and Network Engineering<\/em><\/li>\n<li><a href=\"https:\/\/eurossig.eu\/eurossig\/summer-school-impressions\/pictures-and-archives\/2022-edition\/fellows-2022\/vladislav-ivanets\/\">Vladislav Ivanets<\/a> \u2013 <em>Free Moscow University, Russian Federation<\/em><\/li>\n<\/ul>\n<h5>2021 Fellows reports<\/h5>\n<ul>\n<li><a href=\"https:\/\/eurossig.eu\/eurossig\/summer-school-impressions\/pictures-and-archives\/2021-edition\/fellows-2021\/hon-alhagie-mbow\/\">Hon. Alhagie Mbow (The Gambia)<\/a> \u2013 <em>Gambia National Parliament<\/em><\/li>\n<li><a href=\"https:\/\/eurossig.eu\/eurossig\/summer-school-impressions\/pictures-and-archives\/2021-edition\/fellows-2021\/anastasia-vladimirova\/\">Anastasia Vladimirova (Russian Federation)<\/a> \u2013 <em>HURIDOCS, SecDev Foundation<\/em><\/li>\n<li><a href=\"https:\/\/eurossig.eu\/eurossig\/summer-school-impressions\/pictures-and-archives\/2021-edition\/fellows-2021\/marko-paloski\/\">Marko Paloski (North Macedonia)<\/a> \u2013 <em>Youth IGF MKD<\/em><\/li>\n<li><a href=\"https:\/\/eurossig.eu\/eurossig\/summer-school-impressions\/pictures-and-archives\/2021-edition\/fellows-2021\/niharika-singhal\/\">Niharika Singhal (Indida)<\/a> \u2013 <em>University of Tartu<\/em><\/li>\n<li><a href=\"https:\/\/eurossig.eu\/eurossig\/summer-school-impressions\/pictures-and-archives\/2021-edition\/fellows-2021\/yik-wai-chee\/\">Yik Wai Chee (Malaysia)<\/a> \u2013 <em>Crowdsukan<\/em><\/li>\n<li><a href=\"https:\/\/eurossig.eu\/eurossig\/summer-school-impressions\/pictures-and-archives\/2021-edition\/fellows-2021\/yoana-kanchev\/\">Yoana Kanchev (Bulgaria)<\/a> \u2013 <em>Vrije Universiteit Brussel<\/em><\/li>\n<\/ul>\n<h5>2020 Fellows report<\/h5>\n<p><a href=\"https:\/\/eurossig.eu\/eurossig\/summer-school-impressions\/pictures-and-archives\/2020-edition\/report-on-eurossig-2020\/\">by Nadia Tjahja &amp; G\u00fcl Akcaova (The Netherlands)<\/a><\/p>\n<h5>2018 Fellows report<\/h5>\n<p><a href=\"https:\/\/eurossig.eu\/eurossig\/summer-school-impressions\/pictures-and-archives\/2018-edition\/fellows-2018\/marita_moll\/\">by Marita Moll (Canada)<\/a> \u2013 <em>Telecommunities Canada<\/em><\/p>\n<p>&nbsp;<\/p>\n<p>From 2015-2017 <a href=\"http:\/\/Amazon.com\">Amazon<\/a> sponsored the participation at the anual <a href=\"https:\/\/www.intgovforum.org\/multilingual\/\">Internet Governance Forum (IGF)<\/a> for three EuroSSIG alumnies. Fellows were requested to write a report on their IGF experiences and based on their topic area of interest.<\/p>\n<h5>2017 IGF Fellows<\/h5>\n<ol>\n<li><a href=\"https:\/\/eurossig.eu\/eurossig\/summer-school-impressions\/fellows-reports\/igf-fellow-2017-no-1-amr-mustafa\/\">Amr Mustafa (Yemen)<\/a> \u2013 <em>Yodet<\/em><\/li>\n<li><a href=\"https:\/\/eurossig.eu\/eurossig\/summer-school-impressions\/fellows-reports\/igf-fellow-2017-no-2-jacqueline-eggenschwiler\/\">Jacqueline Eggenschwiler (Switzerland)<\/a> \u2013 <em>University of Oxford<\/em><\/li>\n<li><a href=\"https:\/\/eurossig.eu\/eurossig\/summer-school-impressions\/fellows-reports\/igf-fellow-2017-no-3-shoshannah-richards\/\">Shoshannah Richards (Jamaica)<\/a> \u2013 <em>Hertie School of Governance<\/em><\/li>\n<\/ol>\n<h5>2016 IGF Fellows<\/h5>\n<ol>\n<li><a href=\"https:\/\/eurossig.eu\/eurossig\/summer-school-impressions\/fellows-reports\/igf-fellow-2016-no-2-bram-fudzulani\/\">Bram Fudzulani (Malawi)<\/a> \u2013 <em>Malawi Internet Governance chapter \/ ISOC<\/em><\/li>\n<li><a href=\"https:\/\/eurossig.eu\/eurossig\/summer-school-impressions\/fellows-reports\/igf-fellow-2016-no-1-elisabeth-schauermann\/\">Elisabeth Schauermann (Austria)<\/a> \u2013 <em>Karl-Franzens-Universit\u00e4t Graz<\/em><\/li>\n<li><a href=\"https:\/\/eurossig.eu\/eurossig\/summer-school-impressions\/fellows-reports\/igf-fellow-2016-no-3-krishna-kumar\/\">Krishna Kumar Rajamannar (India)<\/a> \u2013 <em>Hertie School of Governance<\/em><\/li>\n<\/ol>\n<h5>2015 IGF Fellows<\/h5>\n<ol>\n<li><a href=\"https:\/\/eurossig.eu\/eurossig\/summer-school-impressions\/pictures-and-archives\/2015-edition\/fellows-attending-the-igf-2015\/ekaterina-dureva-bulgaria\/\">Ekaterina Dureva (Bulgaria)<\/a> \u2013 <em>Unicart Ltd.<\/em><\/li>\n<li><a href=\"https:\/\/eurossig.eu\/eurossig\/summer-school-impressions\/pictures-and-archives\/2015-edition\/fellows-attending-the-igf-2015\/rachel-pollack-united-states-of-america\/\">Rachel Pollack (United States of America)<\/a> \u2013 <em>UNESCO \/ Oxford Internet Institute<\/em><\/li>\n<li><a href=\"https:\/\/eurossig.eu\/eurossig\/summer-school-impressions\/pictures-and-archives\/2015-edition\/fellows-attending-the-igf-2015\/sharada-srinivasan-india\/\">Sharada Srinivasan (India)<\/a> \u2013 <em>National Law School of India University<\/em><\/li>\n<\/ol>\n","protected":false},"excerpt":{"rendered":"<p>2025 Fellows reports Abd\u00edas A. Zambrano A. (Panama) &#8211; Encargado de iniciativas IGF Cap\u00edtulo de Panam\u00e1 de la Sociedad Internet (ISOC Panam\u00e1) Afrasiyab Khan (Pakistan) &#8211; Judicial Law Clerk at the Islamabad High Court Ana Li (China) &#8211; King\u2019s College London Anahit Hakobyan (Armenia) &#8211; University of Bremen Baratang Miya (South Africa) &#8211; Girlhype Women &hellip; <a href=\"https:\/\/eurossig.eu\/eurossig\/summer-school-impressions\/fellows-reports\/\" class=\"more-link\">Continue reading<span class=\"screen-reader-text\"> &#8220;Fellows Reports&#8221;<\/span><\/a><\/p>\n","protected":false},"author":2,"featured_media":0,"parent":35,"menu_order":0,"comment_status":"closed","ping_status":"closed","template":"","meta":{"ngg_post_thumbnail":0,"footnotes":""},"class_list":["post-1185","page","type-page","status-publish","hentry"],"_links":{"self":[{"href":"https:\/\/eurossig.eu\/eurossig\/wp-json\/wp\/v2\/pages\/1185","targetHints":{"allow":["GET"]}}],"collection":[{"href":"https:\/\/eurossig.eu\/eurossig\/wp-json\/wp\/v2\/pages"}],"about":[{"href":"https:\/\/eurossig.eu\/eurossig\/wp-json\/wp\/v2\/types\/page"}],"author":[{"embeddable":true,"href":"https:\/\/eurossig.eu\/eurossig\/wp-json\/wp\/v2\/users\/2"}],"replies":[{"embeddable":true,"href":"https:\/\/eurossig.eu\/eurossig\/wp-json\/wp\/v2\/comments?post=1185"}],"version-history":[{"count":56,"href":"https:\/\/eurossig.eu\/eurossig\/wp-json\/wp\/v2\/pages\/1185\/revisions"}],"predecessor-version":[{"id":14712,"href":"https:\/\/eurossig.eu\/eurossig\/wp-json\/wp\/v2\/pages\/1185\/revisions\/14712"}],"up":[{"embeddable":true,"href":"https:\/\/eurossig.eu\/eurossig\/wp-json\/wp\/v2\/pages\/35"}],"wp:attachment":[{"href":"https:\/\/eurossig.eu\/eurossig\/wp-json\/wp\/v2\/media?parent=1185"}],"curies":[{"name":"wp","href":"https:\/\/api.w.org\/{rel}","templated":true}]}}