{"id":14271,"date":"2025-07-09T16:17:24","date_gmt":"2025-07-09T14:17:24","guid":{"rendered":"https:\/\/eurossig.eu\/eurossig\/?page_id=14271"},"modified":"2025-09-10T00:54:54","modified_gmt":"2025-09-09T22:54:54","slug":"natalie-tercova","status":"publish","type":"page","link":"https:\/\/eurossig.eu\/eurossig\/summer-school-impressions\/pictures-and-archives\/2025-edition\/fellows-2025\/natalie-tercova\/","title":{"rendered":"Nat\u00e1lie Ter\u010dov\u00e1"},"content":{"rendered":"<p><em>IGF Czechia, Czech Republic<\/em><\/p>\n<p><img loading=\"lazy\" decoding=\"async\" class=\"wp-image-14214 size-full alignleft\" src=\"https:\/\/eurossig.eu\/eurossig\/wp-content\/uploads\/2025\/07\/Natalie-Tercova_2025.jpg\" alt=\"\" width=\"112\" height=\"165\" srcset=\"https:\/\/eurossig.eu\/eurossig\/wp-content\/uploads\/2025\/07\/Natalie-Tercova_2025.jpg 112w, https:\/\/eurossig.eu\/eurossig\/wp-content\/uploads\/2025\/07\/Natalie-Tercova_2025-102x150.jpg 102w\" sizes=\"auto, (max-width: 112px) 85vw, 112px\" \/><\/p>\n<p>Embarking on my academic journey in 2016, I obtained a B.A. in Media and Communication Studies from Masaryk University\u2019s Faculty of Social Studies. Subsequently, I delved into an M.A. in Media Studies, completing it in 2021. I earned another M.A. in Social Work \u2013 Counselling in 2022, both degrees obtained at Masaryk University.<br \/>\nThroughout my academic pursuit, my focus has centered on children and adolescents, exploring their online behavior along with associated opportunities and risks. Currently, I am pursuing a Ph.D. in Media Studies at the same institution, with my dissertation focusing on the digital skills of children and adolescents.<\/p>\n<h4 class=\"fellow-report\">Fellow Report:<\/h4>\n<p>I participated in the 19th edition of EuroSSIG in Meissen, Germany, and I was very pleasantly surprised by the quality of speakers, the programme, and everything surrounding the organisation of this week-long course.<\/p>\n<p>It was a great deep dive into key areas of internet governance. And as someone already quite experienced in the field, I was able to further deepen my understanding of various issues from different perspectives. I really appreciated how the days were thematically structured. For instance, one day was focused on policy, another on technical aspects, and there was a day specifically dedicated to cybersecurity. This kind of division made it much easier to follow and understand the different approaches and challenges we see in internet governance depending on the lens through which we view them.<\/p>\n<p>I would definitely recommend EuroSSIG to anyone who is already somewhat immersed in the internet governance community and is looking to broaden their knowledge, but also to connect with great, like-minded professionals. Because here at EuroSSIG, you get a unique opportunity to spend time not only in formal sessions but also informally with many brilliant minds who are making a real impact in the field.<\/p>\n","protected":false},"excerpt":{"rendered":"<p>IGF Czechia, Czech Republic Embarking on my academic journey in 2016, I obtained a B.A. in Media and Communication Studies from Masaryk University\u2019s Faculty of Social Studies. Subsequently, I delved into an M.A. in Media Studies, completing it in 2021. I earned another M.A. in Social Work \u2013 Counselling in 2022, both degrees obtained at &hellip; <a href=\"https:\/\/eurossig.eu\/eurossig\/summer-school-impressions\/pictures-and-archives\/2025-edition\/fellows-2025\/natalie-tercova\/\" class=\"more-link\">Continue reading<span class=\"screen-reader-text\"> &#8220;Nat\u00e1lie Ter\u010dov\u00e1&#8221;<\/span><\/a><\/p>\n","protected":false},"author":1,"featured_media":0,"parent":13963,"menu_order":0,"comment_status":"closed","ping_status":"closed","template":"eurossig25_fellows.php","meta":{"ngg_post_thumbnail":0,"footnotes":""},"class_list":["post-14271","page","type-page","status-publish","hentry"],"_links":{"self":[{"href":"https:\/\/eurossig.eu\/eurossig\/wp-json\/wp\/v2\/pages\/14271","targetHints":{"allow":["GET"]}}],"collection":[{"href":"https:\/\/eurossig.eu\/eurossig\/wp-json\/wp\/v2\/pages"}],"about":[{"href":"https:\/\/eurossig.eu\/eurossig\/wp-json\/wp\/v2\/types\/page"}],"author":[{"embeddable":true,"href":"https:\/\/eurossig.eu\/eurossig\/wp-json\/wp\/v2\/users\/1"}],"replies":[{"embeddable":true,"href":"https:\/\/eurossig.eu\/eurossig\/wp-json\/wp\/v2\/comments?post=14271"}],"version-history":[{"count":4,"href":"https:\/\/eurossig.eu\/eurossig\/wp-json\/wp\/v2\/pages\/14271\/revisions"}],"predecessor-version":[{"id":14701,"href":"https:\/\/eurossig.eu\/eurossig\/wp-json\/wp\/v2\/pages\/14271\/revisions\/14701"}],"up":[{"embeddable":true,"href":"https:\/\/eurossig.eu\/eurossig\/wp-json\/wp\/v2\/pages\/13963"}],"wp:attachment":[{"href":"https:\/\/eurossig.eu\/eurossig\/wp-json\/wp\/v2\/media?parent=14271"}],"curies":[{"name":"wp","href":"https:\/\/api.w.org\/{rel}","templated":true}]}}