{"id":2074,"date":"2018-07-05T19:08:30","date_gmt":"2018-07-05T17:08:30","guid":{"rendered":"https:\/\/eurossig.eu\/eurossig\/?page_id=2074"},"modified":"2018-07-19T18:07:52","modified_gmt":"2018-07-19T16:07:52","slug":"almudena_fernandez_tourne","status":"publish","type":"page","link":"https:\/\/eurossig.eu\/eurossig\/summer-school-impressions\/pictures-and-archives\/2018-edition\/fellows-2018\/almudena_fernandez_tourne\/","title":{"rendered":"Almudena Fern\u00e1ndez Tourn\u00e9"},"content":{"rendered":"<p><em>Universidad Polit\u00e9cnica de Madrid (UPM), Spain<br \/>\n<\/em><\/p>\n<p><img loading=\"lazy\" decoding=\"async\" class=\"wp-image-2043 size-full alignleft\" src=\"https:\/\/eurossig.eu\/eurossig\/wp-content\/uploads\/2018\/07\/Almudena_Fernandez_Tourne-e1530810415340.jpg\" alt=\"\" width=\"90\" height=\"124\" \/><\/p>\n<p><strong>Academic background:<\/strong> I am a student at Universidad Polit\u00e9cnica de Madrid (Technical School of Madrid, UPM). I completed my BSc in Telecommunications Engineering in 2016 and I am currently enrolled in my MSc in the same field. During this past year I have worked as an intern for the IGF in Spain and for my Master Thesis I am working on a project that aims to evaluate the IGF process and evolution using NLP tools. I have also taken part in the Erasmus+ program, having spent 6 months studying in Hamburg. I speak fluent Spanish and English and basic German and French.<\/p>\n","protected":false},"excerpt":{"rendered":"<p>Universidad Polit\u00e9cnica de Madrid (UPM), Spain Academic background: I am a student at Universidad Polit\u00e9cnica de Madrid (Technical School of Madrid, UPM). I completed my BSc in Telecommunications Engineering in 2016 and I am currently enrolled in my MSc in the same field. During this past year I have worked as an intern for the &hellip; <a href=\"https:\/\/eurossig.eu\/eurossig\/summer-school-impressions\/pictures-and-archives\/2018-edition\/fellows-2018\/almudena_fernandez_tourne\/\" class=\"more-link\">Continue reading<span class=\"screen-reader-text\"> &#8220;Almudena Fern\u00e1ndez Tourn\u00e9&#8221;<\/span><\/a><\/p>\n","protected":false},"author":2,"featured_media":0,"parent":1895,"menu_order":0,"comment_status":"closed","ping_status":"closed","template":"eurossig18_fellows.php","meta":{"ngg_post_thumbnail":0,"footnotes":""},"class_list":["post-2074","page","type-page","status-publish","hentry"],"_links":{"self":[{"href":"https:\/\/eurossig.eu\/eurossig\/wp-json\/wp\/v2\/pages\/2074","targetHints":{"allow":["GET"]}}],"collection":[{"href":"https:\/\/eurossig.eu\/eurossig\/wp-json\/wp\/v2\/pages"}],"about":[{"href":"https:\/\/eurossig.eu\/eurossig\/wp-json\/wp\/v2\/types\/page"}],"author":[{"embeddable":true,"href":"https:\/\/eurossig.eu\/eurossig\/wp-json\/wp\/v2\/users\/2"}],"replies":[{"embeddable":true,"href":"https:\/\/eurossig.eu\/eurossig\/wp-json\/wp\/v2\/comments?post=2074"}],"version-history":[{"count":6,"href":"https:\/\/eurossig.eu\/eurossig\/wp-json\/wp\/v2\/pages\/2074\/revisions"}],"predecessor-version":[{"id":2320,"href":"https:\/\/eurossig.eu\/eurossig\/wp-json\/wp\/v2\/pages\/2074\/revisions\/2320"}],"up":[{"embeddable":true,"href":"https:\/\/eurossig.eu\/eurossig\/wp-json\/wp\/v2\/pages\/1895"}],"wp:attachment":[{"href":"https:\/\/eurossig.eu\/eurossig\/wp-json\/wp\/v2\/media?parent=2074"}],"curies":[{"name":"wp","href":"https:\/\/api.w.org\/{rel}","templated":true}]}}